{"id":3343,"date":"2018-06-12T00:29:14","date_gmt":"2018-06-11T22:29:14","guid":{"rendered":"https:\/\/www.mdpwords.com\/?page_id=3343"},"modified":"2018-06-12T00:29:14","modified_gmt":"2018-06-11T22:29:14","slug":"agb-interpreting","status":"publish","type":"page","link":"https:\/\/www.mdpwords.com\/it\/agb-interpreting\/","title":{"rendered":"AGB interpreting"},"content":{"rendered":"<section id=\"bt_bb_section6a0454f4f3288\"  class=\"bt_bb_section bt_bb_layout_boxed_1200 bt_bb_vertical_align_top\" style=\";background-color:#ededed;\"    data-bt-override-class=\"null\"><div class=\"bt_bb_port\"><div class=\"bt_bb_cell\"><div class=\"bt_bb_cell_inner\"><div class=\"bt_bb_row_wrapper\"><div  class=\"bt_bb_row\"  data-bt-override-class=\"{}\"><div  class=\"bt_bb_column col-xxl-12 col-xl-12 bt_bb_vertical_align_top bt_bb_align_left bt_bb_padding_normal\"  data-width=\"12\" data-bt-override-class=\"{}\"><div class=\"bt_bb_column_content\"><div class=\"bt_bb_column_content_inner\"><div class=\"bt_bb_separator bt_bb_border_style_none bt_bb_top_spacing_normal bt_bb_bottom_spacing_normal\" data-bt-override-class=\"null\"><\/div><header class=\"bt_bb_headline bt_bb_dash_none bt_bb_size_inherit bt_bb_align_inherit\" data-bt-override-class=\"{}\"><h4 style=\"font-size:40px\" class=\"bt_bb_headline_tag\"><span class=\"bt_bb_headline_content\"><span>ALLGEMEINE GESCH\u00c4FTSBEDINGUNGEN (AGB) F\u00dcR DOLMETSCHDIENSTLEISTER<br \/>\r\n<\/span><\/span><\/h4><\/header><div class=\"bt_bb_separator bt_bb_border_style_none bt_bb_bottom_spacing_normal\" data-bt-override-class=\"null\"><\/div><\/div><\/div><\/div><\/div><\/div><div class=\"bt_bb_row_wrapper\"><div  class=\"bt_bb_row\"  data-bt-override-class=\"{}\"><div  class=\"bt_bb_column col-xxl-6 col-xl-6 bt_bb_vertical_align_top bt_bb_align_left bt_bb_padding_normal\"  data-width=\"6\" data-bt-override-class=\"{}\"><div class=\"bt_bb_column_content\"><div class=\"bt_bb_column_content_inner\"><div  class=\"bt_bb_text\" ><ol>\n<li><strong>ALLGEMEINES<\/strong><\/li>\n<\/ol>\n<p>F\u00fcr den Umfang der Dolmetschdienstleistung gelten, falls nicht anders schriftlich vereinbart, die folgenden Allgemeinen Gesch\u00e4ftsbedingungen (AGB). Jede Abweichung davon bedarf einer schriftlichen Best\u00e4tigung durch MDPwords.<\/p>\n<p>Wurden die vorliegenden AGB einmal vom Auftraggeber anerkannt, so gelten sie auch f\u00fcr alle weiteren Folgeauftr\u00e4ge, selbst wenn sie hierf\u00fcr nicht explizit vereinbart wurden. Der Auftraggeber verzichtet explizit auf die Geltendmachung eigener AGB.<\/p>\n<ol start=\"2\">\n<li><strong>VERTRAGSGEGENSTAND<\/strong><\/li>\n<\/ol>\n<p>Vertragsgegenstand ist das Simultan-, Konsekutiv-, Fl\u00fcster- und Verhandlungsdolmetschen inklusive der gesamten Vorbereitung des Einsatzes und etwaiger Nachbearbeitungen des Auftrages f\u00fcr die Veranstaltung des Auftraggebers auf der Grundlage der vom Auftraggeber bekannt gegebenen und im Auftrag schriftlich vereinbarten Anforderungen.<\/p>\n<ol start=\"3\">\n<li><strong>ERFASSUNG DES ANFORDERUNGSPROFILS<\/strong><\/li>\n<\/ol>\n<p>Der Auftraggeber ist verpflichtet, MDPwords bereits bei Vertragsabschluss die genauen Anforderungen hinsichtlich der erw\u00fcnschten Sprachkombinationen, Besetzungsmodalit\u00e4ten bzw. etwaiger gesonderter, \u00fcber die f\u00fcr erfahrene Dolmetscher \u00fcblichen Fachkenntnisse hinausgehenden Anforderungen schriftlich mitzuteilen. Etwaige Ab\u00e4nderungen zu einem sp\u00e4teren Zeitpunkt gelten nur bei schriftlicher und firmenm\u00e4\u00dfig gezeichneter Best\u00e4tigung durch MDPwords.<\/p>\n<ol start=\"4\">\n<li><strong>LEISTUNGSUMFANG<\/strong><\/li>\n<\/ol>\n<p>Die T\u00e4tigkeit des Dolmetschers (Simultan-, Konsekutiv-, Fl\u00fcster-, Verhandlungsdolmetscher) beinhaltet die Verdolmetschung m\u00fcndlicher Ausf\u00fchrungen, sie erstreckt sich nicht auf Eins\u00e4tze, die im Vertrag nicht ausdr\u00fccklich angef\u00fchrt sind; schriftliche \u00dcbersetzungen, das F\u00fchren von Tagungsprotokollen u. dgl. geh\u00f6ren nicht zur T\u00e4tigkeit und m\u00fcssen gesondert vereinbart werden. Zur T\u00e4tigkeit geh\u00f6rt ebenfalls die gewissenhafte Vorbereitung auf die jeweilige Veranstaltung auf Basis der vom Auftraggeber zur Verf\u00fcgung gestellten Tagungsunterlagen.<\/p>\n<p>Der Dolmetschauftrag wird vom Dolmetscher nach den Grunds\u00e4tzen ordnungsgem\u00e4\u00dfer Berufsaus\u00fcbung sorgf\u00e4ltig ausgef\u00fchrt. Der Dolmetscher ist verpflichtet, nach\u2028bestem Wissen und Gewissen zu arbeiten. Eine dar\u00fcber hinausgehende Verpflichtung wird nicht \u00fcbernommen.<\/p>\n<ol start=\"5\">\n<li><strong>VORBEREITUNG DER DOLMETSCHER<\/strong><\/li>\n<\/ol>\n<p>Simultandolmetschen: Der Auftraggeber \u00fcbermittelt MDPwords zur fachlichen und sprachlichen Vorbereitung fr\u00fchzeitig Informationsmaterial und Unterlagen in den Sprachen der Veranstaltung, da die Qualit\u00e4t der Dolmetschung wesentlich von der Vorbereitung des Dolmetschers und somit von den vom Auftraggeber zur Verf\u00fcgung gestellten Informationsunterlagen Veranstaltungsprogramme, Teilnehmerlisten mit Angabe der Funktion, Tagesordnungen, Referenzmaterialien fr\u00fcherer Veranstaltungen, Liste mit f\u00fcr die Veranstaltungen relevanten Websites der teilnehmenden Unternehmen\/Institutionen\/Verb\u00e4nde, Glossare, Anfahrtsbeschreibungen usw.) abh\u00e4ngt.<\/p>\n<p>S\u00e4mtliche Unterlagen zur Vorbereitung sind an MDPwords bei Vorliegen, jedoch sp\u00e4testens drei Tage vor Veranstaltungsbeginn per E-Mail zu \u00fcbermitteln (Dateiformat nach M\u00f6glichkeit in MS- Word, jedoch keinesfalls in anderen Programmen als MS Office).<\/p>\n<p>Ist eine \u00dcbermittlung der Vorbereitungsmaterialien auf elektronischem Wege nicht m\u00f6glich, so sind MDPwords s\u00e4mtliche Materialien per Boten\/auf dem Postweg zu \u00fcbermitteln, wobei diese sp\u00e4testens drei Werktage vor Veranstaltungsbeginn bei MDPwords eintreffen m\u00fcssen.<\/p>\n<p>Werden bei der Veranstaltung fertige Texte verlesen, sorgt der Auftraggeber daf\u00fcr, dass MDPwords sp\u00e4testens am Vortag eine Kopie zur Verf\u00fcgung gestellt wird. Diese Unterlagen bleiben bis Verlesung und Behandlung des Schriftst\u00fcckes oder Manuskripts bei MDPwords, andernfalls ist MDPwords von seiner Leistungspflicht entbunden.<\/p>\n<p>Werden seitens des Auftraggebers Unterlagen nicht bzw. nicht rechtzeitig oder in unzureichender Menge zur Verf\u00fcgung gestellt, entbindet dies MDPwords von jeglicher Haftung bez\u00fcglich der Qualit\u00e4t der geleisteten Dolmetschung.<\/p>\n<p>Konsekutiv-\/Fl\u00fcster-\/Verhandlungsdolmetschen: Bei Besprechungen\/Meetings\/Verhandlungen ist der Dolmetscher vor dem Dolmetscheinsatz zus\u00e4tzlich in die Vorgeschichte der Verhandlungen einzuweisen. Fehler, die sich aus der Nichteinhaltung dieser Verpflichtung ergeben, gehen zu Lasten des Auftraggebers. Vom Veranstalter gew\u00fcnschte und au\u00dferhalb der vereinbarten Einsatzzeiten anberaumte Vorbesprechungen werden gesondert zu den f\u00fcr Dolmetschungen \u00fcblichen Honorars\u00e4tzen und Bedingungen in Rechnung gestellt.<\/p>\n<ol start=\"6\">\n<li><strong>DOLMETSCHTECHNIK<\/strong><\/li>\n<\/ol>\n<p>Dolmetschkabinen: Pro Zielsprache wird eine Dolmetschkabine f\u00fcr zwei Dolmetscher ben\u00f6tigt. Der Platzbedarf f\u00fcr eine Kabine betr\u00e4gt ca. 2 x 2 m, weiters 0,5 m f\u00fcr das \u00d6ffnen der T\u00fcre. Der Technikerplatz in unmittelbarer N\u00e4he zur Kabine ben\u00f6tigt ca. 0,80 x 0,80 m. Der Abstand zwischen der letzten Sesselreihe und der Kabine soll ca. 1 m betragen. Der Auftraggeber haftet f\u00fcr die sorgsame Behandlung der Dolmetschanlage und aller damit verbundenen Ger\u00e4te und die vollst\u00e4ndige R\u00fcckgabe von Kopfh\u00f6rern usw.<\/p>\n<p>Wird die Dolmetschtechnik vom Auftraggeber bereitgestellt, sorgt dieser daf\u00fcr, dass sie der ISO-Norm 4043 entspricht und dass jederzeit ein Betreuungstechniker vor Ort anwesend ist. Die Dolmetschkabinen m\u00fcssen so beschaffen sein, dass eine direkte Sicht auf den Redner und in den Sitzungssaal gegeben ist. Die Verwendung von Fernsehmonitoren bedarf der ausdr\u00fccklichen Zustimmung von MDPwords.<\/p>\n<p>Fl\u00fcsterkoffer: Bei F\u00fchrungen k\u00f6nnen so genannte Personenf\u00fchrungsanlagen zum Einsatz kommen.<\/p>\n<p>Mangelhafte Dolmetschtechnik: MDPwords wird von der Verpflichtung zur Leistung frei, wenn die Dolmetschanlage f\u00fcr unzureichend befunden wird (zu geringe Abmessungen, unzureichende Bel\u00fcftung, unzureichende technische Ausstattung, unzureichende Schallisolierung, Funktionsunt\u00fcchtigkeit der Anlage). Die Pflichten des Auftraggebers bleiben davon unber\u00fchrt.<\/p>\n<p>Audiomitschnitt: Das Produkt der Dolmetschdienstleistung ist ausschlie\u00dflich zur sofortigen Anh\u00f6rung bestimmt. Eine Aufzeichnung ist ohne vorherige Zustimmung durch MDPwords unzul\u00e4ssig. Der Auftraggeber haftet f\u00fcr unbefugte Aufnahmen durch Dritte.<\/p>\n<p>Bei der Vorf\u00fchrung von Tonfilmen u. dgl. ist eine Simultan\u00fcbertragung des auf der Tonspur aufgezeichneten Kommentars in andere Sprachen nur dann m\u00f6glich, wenn:<\/p>\n<p>die Dolmetscher das Skript des Kommentars vor der Konferenz studieren und w\u00e4hrend der Filmvorf\u00fchrung mitlesen k\u00f6nnen und der Filmton vom Tonverst\u00e4rker des Projektors \u00fcber Kabel in die Simultananlage eingespeist wird.<\/p>\n<ol start=\"7\">\n<li><strong>HONORAR<\/strong><\/li>\n<\/ol>\n<p>Dolmetschhonorar: Das f\u00fcr Dolmetschdienstleistungen in Rechnung gestellte Honorar bestimmt sich ausschlie\u00dflich nach den Tarifen von MDPwords bzw. nach deren schriftlichen Kostenvoranschl\u00e4gen in Anlehnung an die von der Universitas Austria, dem Berufsverband f\u00fcr Dolmetschen und \u00dcbersetzen, empfohlenen Richtlinien.<\/p>\n<p>Kostenvoranschl\u00e4ge gelten ausschlie\u00dflich, wenn sie schriftlich erfolgt sind. Andere Kostenvoranschl\u00e4ge gelten nur als unverbindliche Richtlinien. Dolmetschtarife werden im Allgemeinen nach Halb-bzw. Ganztagen berechnet, wobei f\u00fcr diese Festlegung ausschlaggebend ist, in welchem Zeitrahmen der Einsatz stattfindet.<\/p>\n<p>Zeitrahmen: 08 \u2013 13 Uhr = Halbtag<\/p>\n<p>12 \u2013 19 Uhr = Halbtag<\/p>\n<p>11 \u2013 16 Uhr = Ganztag<\/p>\n<p>Halbtagestarif = eine maximale Anwesenheit des Dolmetschers am Einsatzort von vier aufeinander folgenden Stunden innerhalb des obigen Zeitrahmens.<\/p>\n<p>Ganztagestarif = entweder eine Anwesenheitszeit des Dolmetschers am Einsatzort von acht Stunden oder f\u00fcr den Fall, dass der Einsatz durch lange, im Programm vorgesehene Pausen von mehr als drei Stunden in einem St\u00fcck unterbrochen wird, eine reine Arbeitszeit von sechs Stunden.<\/p>\n<p>Die Ganz-bzw. Halbtagestarife sowie die \u00dcberstunden werden ab dem vom Auftraggeber schriftlich bekannt gegebenen Zeitpunkt, zu dem der Dolmetscher am Einsatzort erwartet wird, berechnet. Ein sp\u00e4terer Einsatzbeginn bleibt unber\u00fccksichtigt. Alternativ dazu k\u00f6nnen auch Pauschalen f\u00fcr genau im Vertrag spezifizierte Zeiten berechnet werden. In diesem Fall berechnen sich \u00dcberstunden ab dem Ablauf der spezifizierten Zeit.<\/p>\n<\/div><\/div><\/div><\/div><div  class=\"bt_bb_column col-xxl-6 col-xl-6 bt_bb_vertical_align_top bt_bb_align_left bt_bb_padding_normal\"  data-width=\"6\" data-bt-override-class=\"{}\"><div class=\"bt_bb_column_content\"><div class=\"bt_bb_column_content_inner\"><div  class=\"bt_bb_text\" ><p>Organisation: Falls nicht schriftlich anders vereinbart, werden f\u00fcr die Organisation keinerlei Kosten in Rechnung gestellt.<\/p>\n<p>\u00dcberstunden: \u00dcber den vereinbarten Zeitrahmen hinausgehende Einsatzzeiten werden pro Stunde in Rechnung gestellt. Begonnene Stunden werden als ganze berechnet.<\/p>\n<p>Stehtage: Erfolgt der gesamte Dolmetscheinsatz an nicht hintereinander folgenden Tagen und ist dem Dolmetscher eine R\u00fcckkehr an sein Berufsdomizil nicht m\u00f6glich, so werden die dabei resultierenden Stehtage zu den vereinbarten Tagestarifen in Rechnung gestellt.<\/p>\n<p>Fahrtzeitersatz: Ist es erforderlich, dass die Anreise und Abreise vor oder nach dem Einsatz angetreten wird, kommt ein Halbtagessatz zur Anwendung.<\/p>\n<p>Verwertungsrechte: F\u00fcr Tonband-bzw. Videoaufnahmen der Dolmetschung wird pro Person ein Halbtagestarif zus\u00e4tzlich in Rechnung gestellt.<\/p>\n<ol start=\"8\">\n<li><strong>SPESEN<\/strong><\/li>\n<\/ol>\n<p>Bei Eins\u00e4tzen au\u00dferhalb von Wien tr\u00e4gt der Auftraggeber s\u00e4mtliche mit diesem Einsatz verbundene Spesen. Diese<\/p>\n<p>umfassen insbesonders, jedoch nicht exklusive, die Reisespesen bzw. Aufenthaltskosten in dem durch die jeweilige Situation erforderlichen Zeitraum. Bei Eins\u00e4tzen au\u00dferhalb von Wien werden Spesen unter Ber\u00fccksichtigung des tats\u00e4chlichen Wohnortes\/Berufswohnsitzes des Dolmetschers berechnet.<\/p>\n<p>a) Reisespesen An Reisespesen werden je nach der tats\u00e4chlich gew\u00e4hlten Reiseart bei Eins\u00e4tzen innerhalb \u00d6sterreichs entweder die Bahnkosten 2. Klasse zum Normaltarif laut \u00d6BB-Website sowie die lokalen Transportkosten am Einsatzort oder die gefahrenen Kilometer lt. amtlichem Kilometergeld zuz\u00fcglich Mautgeb\u00fchren, Parkgaragengeb\u00fchren u. dgl. in Rechnung gestellt. Am Abfahrts- \/Ankunftsort werden \u00fcblicherweise Taxidienste in Anspruch genommen.<\/p>\n<p>Auf Wunsch des Auftraggebers und bei zeitlich vorteilhaften Verbindungen sind auch innerhalb \u00d6sterreichs Flugverbindungen akzeptabel, wobei die Kosten direkt vom Auftraggeber zu \u00fcbernehmen sind.<\/p>\n<p>Bei internationalen Eins\u00e4tzen steht es MDPwords frei, die Reiseart zu w\u00e4hlen. Die Kosten sind vom Auftraggeber zu \u00fcbernehmen.<\/p>\n<p>Ist aus Gr\u00fcnden H\u00f6herer Gewalt eine Anreise auf dem geplanten und vereinbarten Wege nicht m\u00f6glich (z. B. katastrophen-oder<\/p>\n<p>terrorbedingte Sperren), so kann auf Ermessen von MDPwords zur Sicherstellung der vereinbarten Dienstleistung eine andere Reiseart gew\u00e4hlt werden und die (eventuell zus\u00e4tzlich) entstehenden Reisekosten sind vom Auftraggeber zu \u00fcbernehmen, selbst wenn diese nicht dem \u00fcblichen Reisemodus entsprechen (Kilometergeld, Maut usw.).<\/p>\n<p>b) Aufenthaltskosten Die Aufenthaltskosten umfassen \u00dcbernachtungs- und Verpflegungskosten des Dolmetschers. Der Auftraggeber \u00fcbernimmt die Kosten f\u00fcr die Unterbringung in einem Hotel oder in einer gleichwertigen Einrichtung, wobei als Mindestkategorie 3 Sterne vereinbart werden. Es ist ein Einzelzimmer zur Verf\u00fcgung zu stellen. Das Zimmer ist generell vom Auftraggeber direkt zu organisieren und zu begleichen, Reservierungen sind auf den Namen \u201eMDPwords\u201c vorzunehmen.<\/p>\n<p>Entspricht das vom Auftraggeber bereit gestellte Zimmer wider Erwarten nicht den vereinbarten Kriterien, ist MDPwords berechtigt, ein Zimmer in einem anderen Beherbergungsbetrieb der vereinbarten Kategorie zu nehmen und dieses dem Auftraggeber in Rechnung zu stellen.<\/p>\n<p>Anreise\/Abreise: Bei Eins\u00e4tzen au\u00dferhalb von Wien erfolgt die Anreise am Tag vor Einsatzbeginn. Die Abreise erfolgt \u00fcblicherweise am letzten Tag der Veranstaltung. Ist dies aus zeitlichen\/logistischen Gr\u00fcnden nicht m\u00f6glich\/zumutbar (Abreise nach letzter Zugverbindung zum Wohnsitz des Teammitglieds, Einsatzende nach 20:00 usw.), ist auch die \u00dcbernachtung f\u00fcr diese Nacht vom Auftraggeber zu \u00fcbernehmen.<\/p>\n<p>Verpflegung: An Einsatztagen bzw. dem Anreisetag, dem Abreisetag oder eventuellen Stehtagen stellt der Auftraggeber f\u00fcr den Dolmetscher drei Mahlzeiten zur Verf\u00fcgung (Anreisetag, wenn nicht Einsatztag und nicht anders vereinbart, nur Abendessen, Abreisetag, wenn nicht Einsatztag und nicht anders vereinbart, nur Fr\u00fchst\u00fcck), wobei, wenn nicht anders vereinbart, das Fr\u00fchst\u00fcck \u00fcblicherweise am Beherbergungsort, das Mittagessen am Einsatzort und das Abendessen nach freier Wahl des Dolmetschers bereit zu stellen ist.<\/p>\n<p>W\u00e4hrend der Dolmetscheins\u00e4tze sind dem Dolmetscher vom Auftraggeber ausreichend Getr\u00e4nke zur Verf\u00fcgung zu stellen. Die Kosten hierf\u00fcr sowie die Kosten f\u00fcr die Pausenerfrischungen sind vom Auftraggeber zu \u00fcbernehmen.<\/p>\n<ol start=\"9\">\n<li><strong>M\u00c4NGEL<\/strong><\/li>\n<\/ol>\n<p>Bei etwaigen Beschwerden des Auftraggebers hinsichtlich der Qualit\u00e4t der Dolmetschung ist dieser verpflichtet, umgehend (nicht sp\u00e4ter als 10 Minuten nach Gewahrwerdung) den Ansprechpartner von MDPwords vor Ort mit konkreter Bezeichnung der beanstandeten M\u00e4ngel zu verst\u00e4ndigen.<\/p>\n<p>Beanstandungen, die erst nach dem Ende der jeweiligen Veranstaltung angesprochen werden, k\u00f6nnen nicht ber\u00fccksichtigt werden. Ein Haftungsanspruch bei Qualit\u00e4tsbem\u00e4ngelungen der Dolmetschung beschr\u00e4nkt sich h\u00f6chstens auf den Auftragswert der beanstandeten Sprachkombination.<\/p>\n<p>MDPwords \u00fcbernimmt keine Haftung f\u00fcr die Richtigkeit und Vollst\u00e4ndigkeit der Dolmetschung, wenn der Sprecher einen deutlichen Sprachfehler hat, der Sprecher im Dialekt spricht, der Sprecher eine Sprache verwendet, die nicht seine Muttersprache ist, der Sprecher vom Blatt liest, ohne dass schriftliche Unterlagen zur Verf\u00fcgung stehen, der Sprecher nicht ins Mikrophon spricht, das H\u00f6rverst\u00e4ndnis durch St\u00f6rger\u00e4usche behindert wird u. dgl.<\/p>\n<ol start=\"10\">\n<li><strong>BEZAHLUNG<\/strong><\/li>\n<\/ol>\n<p>Die Zahlung hat, falls nicht anders vereinbart, unmittelbar nach Erledigung der Dolmetschleistung zu erfolgen. MDPwords ist berechtigt, eine angemessene Akontozahlung zu verlangen. Von Privatpersonen und ausl\u00e4ndischen Auftraggebern kann die Vorauszahlung der vollst\u00e4ndigen Auftragssumme gefordert werden.<\/p>\n<p>Bei Zahlungsverzug werden Verzugszinsen in der H\u00f6he von 8% in Anrechnung gebracht. Des Weiteren sind Inkasso-und Rechtsanwaltskosten zu bezahlen.<\/p>\n<ol start=\"11\">\n<li><strong>R\u00dcCKTRITT VOM VERTRAG BZW. STORNIERUNG<\/strong><\/li>\n<\/ol>\n<p>Tritt der Auftraggeber vor Einsatzbeginn vom Vertrag zur\u00fcck, so kommen folgende Stornogeb\u00fchren zur Anwendung:<\/p>\n<ol>\n<li>6-5 Kalenderwochen vor Einsatzbeginn: 25% der Auftragssumme<\/li>\n<li>4 Kalenderwochen vor Einsatzbeginn: 50% der Auftragssumme<\/li>\n<li>weniger als 3 Kalenderwochen vor Einsatzbeginn: 75% der Auftragssumme<\/li>\n<li>weniger als 1 Kalenderwochen vor Einsatzbeginn: 100% der Auftragssumme<\/li>\n<\/ol>\n<p>Entstandene Kosten f\u00fcr Fremdleistungen (z. B. bereits gebuchte Flugtickets des Dolmetschers, Hotelbuchungen) sind zuz\u00fcglich in voller H\u00f6he zu entrichten.<\/p>\n<ol start=\"12\">\n<li><strong>H\u00d6HERE GEWALT<\/strong><\/li>\n<\/ol>\n<p>F\u00fcr den Fall der H\u00f6heren Gewalt ist MDPwords verpflichtet, den Auftraggeber unverz\u00fcglich zu benachrichtigen. H\u00f6here Gewalt berechtigt sowohl MDPwords als auch den Auftraggeber, vom Vertrag zur\u00fcckzutreten. Der Auftraggeber hat jedoch MDPwords Ersatz f\u00fcr bereits get\u00e4tigte Aufwendungen bzw. Leistungen zu geben. Als H\u00f6here Gewalt gelten insbesondere: Arbeitskonflikte, Kriegshandlungen, B\u00fcrgerkrieg, Zufall, Krankheit, Unfall, Tod sowie Eintritt unvorhersehbarer Ereignisse, die nachweislich die M\u00f6glichkeit von MDPwords, den Auftrag vereinbarungsgem\u00e4\u00df zu erledigen, entscheidend beeintr\u00e4chtigen.<\/p>\n<ol start=\"13\">\n<li><strong>DATENSCHUTZ<\/strong><\/li>\n<\/ol>\n<p>Die im Zusammenhang mit der Gesch\u00e4ftsbeziehung erhaltenen personenbezogenen Daten des Kunden werden unter Beachtung der gesetzlichen Bestimmungen bei MDPwords verarbeitet.<\/p>\n<ol start=\"14\">\n<li><strong>SCHLUSSBESTIMMUNGEN<\/strong><\/li>\n<\/ol>\n<p>Nebenabreden, \u00c4nderungen und\/oder Erg\u00e4nzungen dieser Bedingungen sowie der jeweiligen Einzelvertr\u00e4ge bed\u00fcrfen zu ihrer Wirksamkeit der Schriftform.<\/p>\n<p>Sollten einzelne dieser Bedingungen gleich aus welchem Rechtsgrund unwirksam sein oder werden, so wird dadurch die Wirksamkeit der \u00fcbrigen Bedingungen nicht ber\u00fchrt.<\/p>\n<p>Gerichtsstand f\u00fcr alle im Zusammenhang mit diesen Bedingungen und den Einzelvertr\u00e4gen sich ergebenden Streitigkeiten ist Wien. Es gilt \u00f6sterreichisches Recht.<\/p>\n<\/div><\/div><\/div><\/div><\/div><\/div><div class=\"bt_bb_row_wrapper\"><div  class=\"bt_bb_row\"  data-bt-override-class=\"{}\"><div  class=\"bt_bb_column col-xxl-12 col-xl-12 bt_bb_vertical_align_top bt_bb_align_left bt_bb_padding_normal\"  data-width=\"12\" data-bt-override-class=\"{}\"><div class=\"bt_bb_column_content\"><div class=\"bt_bb_column_content_inner\"><div class=\"bt_bb_separator bt_bb_border_style_none bt_bb_top_spacing_normal\" data-bt-override-class=\"null\"><\/div><div class=\"bt_bb_button bt_bb_color_scheme_9 bt_bb_icon_position_left bt_bb_style_outline bt_bb_size_normal bt_bb_width_inline bt_bb_shape_inherit bt_bb_target_blank bt_bb_align_inherit\" style=\"; --primary-color:#181818; --secondary-color:#4268b2;\" data-bt-override-class=\"{}\"><a href=\"https:\/\/www.mdpwords.com\/wp-content\/uploads\/2018\/04\/AGB-Dolmetschen-MDPwords.pdf\" target=\"_blank\" class=\"bt_bb_link\" title=\"Terms and Conditions for interpreting are available for download here\"><span class=\"bt_bb_button_text\" >Terms and Conditions for interpreting are available for download here<\/span><\/a><\/div><div class=\"bt_bb_separator bt_bb_border_style_none bt_bb_top_spacing_normal bt_bb_bottom_spacing_normal\" data-bt-override-class=\"null\"><\/div><\/div><\/div><\/div><\/div><\/div><\/div><\/div><\/div><\/section>","protected":false},"excerpt":{"rendered":"","protected":false},"author":1,"featured_media":0,"parent":0,"menu_order":0,"comment_status":"closed","ping_status":"closed","template":"","meta":{"footnotes":""},"yoast_head":"<!-- This site is optimized with the Yoast SEO plugin v19.4 - https:\/\/yoast.com\/wordpress\/plugins\/seo\/ -->\n<title>AGB interpreting - MDPwords<\/title>\n<meta name=\"robots\" content=\"index, follow, max-snippet:-1, max-image-preview:large, max-video-preview:-1\" \/>\n<link rel=\"canonical\" href=\"https:\/\/www.mdpwords.com\/it\/agb-interpreting\/\" \/>\n<meta property=\"og:locale\" content=\"it_IT\" \/>\n<meta property=\"og:type\" content=\"article\" \/>\n<meta property=\"og:title\" content=\"AGB interpreting - MDPwords\" \/>\n<meta property=\"og:url\" content=\"https:\/\/www.mdpwords.com\/it\/agb-interpreting\/\" \/>\n<meta property=\"og:site_name\" content=\"MDPwords\" \/>\n<meta name=\"twitter:card\" content=\"summary_large_image\" \/>\n<meta name=\"twitter:label1\" content=\"Tempo di lettura stimato\" \/>\n\t<meta name=\"twitter:data1\" content=\"12 minuti\" \/>\n<script type=\"application\/ld+json\" class=\"yoast-schema-graph\">{\"@context\":\"https:\/\/schema.org\",\"@graph\":[{\"@type\":\"WebSite\",\"@id\":\"https:\/\/www.mdpwords.com\/#website\",\"url\":\"https:\/\/www.mdpwords.com\/\",\"name\":\"MDPwords\",\"description\":\"Make dialogue possible\",\"potentialAction\":[{\"@type\":\"SearchAction\",\"target\":{\"@type\":\"EntryPoint\",\"urlTemplate\":\"https:\/\/www.mdpwords.com\/?s={search_term_string}\"},\"query-input\":\"required name=search_term_string\"}],\"inLanguage\":\"it-IT\"},{\"@type\":\"WebPage\",\"@id\":\"https:\/\/www.mdpwords.com\/it\/agb-interpreting\/\",\"url\":\"https:\/\/www.mdpwords.com\/it\/agb-interpreting\/\",\"name\":\"AGB interpreting - MDPwords\",\"isPartOf\":{\"@id\":\"https:\/\/www.mdpwords.com\/#website\"},\"datePublished\":\"2018-06-11T22:29:14+00:00\",\"dateModified\":\"2018-06-11T22:29:14+00:00\",\"breadcrumb\":{\"@id\":\"https:\/\/www.mdpwords.com\/it\/agb-interpreting\/#breadcrumb\"},\"inLanguage\":\"it-IT\",\"potentialAction\":[{\"@type\":\"ReadAction\",\"target\":[\"https:\/\/www.mdpwords.com\/it\/agb-interpreting\/\"]}]},{\"@type\":\"BreadcrumbList\",\"@id\":\"https:\/\/www.mdpwords.com\/it\/agb-interpreting\/#breadcrumb\",\"itemListElement\":[{\"@type\":\"ListItem\",\"position\":1,\"name\":\"Home\",\"item\":\"https:\/\/www.mdpwords.com\/it\/\"},{\"@type\":\"ListItem\",\"position\":2,\"name\":\"AGB interpreting\"}]}]}<\/script>\n<!-- \/ Yoast SEO plugin. -->","yoast_head_json":{"title":"AGB interpreting - MDPwords","robots":{"index":"index","follow":"follow","max-snippet":"max-snippet:-1","max-image-preview":"max-image-preview:large","max-video-preview":"max-video-preview:-1"},"canonical":"https:\/\/www.mdpwords.com\/it\/agb-interpreting\/","og_locale":"it_IT","og_type":"article","og_title":"AGB interpreting - MDPwords","og_url":"https:\/\/www.mdpwords.com\/it\/agb-interpreting\/","og_site_name":"MDPwords","twitter_card":"summary_large_image","twitter_misc":{"Tempo di lettura stimato":"12 minuti"},"schema":{"@context":"https:\/\/schema.org","@graph":[{"@type":"WebSite","@id":"https:\/\/www.mdpwords.com\/#website","url":"https:\/\/www.mdpwords.com\/","name":"MDPwords","description":"Make dialogue possible","potentialAction":[{"@type":"SearchAction","target":{"@type":"EntryPoint","urlTemplate":"https:\/\/www.mdpwords.com\/?s={search_term_string}"},"query-input":"required name=search_term_string"}],"inLanguage":"it-IT"},{"@type":"WebPage","@id":"https:\/\/www.mdpwords.com\/it\/agb-interpreting\/","url":"https:\/\/www.mdpwords.com\/it\/agb-interpreting\/","name":"AGB interpreting - MDPwords","isPartOf":{"@id":"https:\/\/www.mdpwords.com\/#website"},"datePublished":"2018-06-11T22:29:14+00:00","dateModified":"2018-06-11T22:29:14+00:00","breadcrumb":{"@id":"https:\/\/www.mdpwords.com\/it\/agb-interpreting\/#breadcrumb"},"inLanguage":"it-IT","potentialAction":[{"@type":"ReadAction","target":["https:\/\/www.mdpwords.com\/it\/agb-interpreting\/"]}]},{"@type":"BreadcrumbList","@id":"https:\/\/www.mdpwords.com\/it\/agb-interpreting\/#breadcrumb","itemListElement":[{"@type":"ListItem","position":1,"name":"Home","item":"https:\/\/www.mdpwords.com\/it\/"},{"@type":"ListItem","position":2,"name":"AGB interpreting"}]}]}},"_links":{"self":[{"href":"https:\/\/www.mdpwords.com\/it\/wp-json\/wp\/v2\/pages\/3343"}],"collection":[{"href":"https:\/\/www.mdpwords.com\/it\/wp-json\/wp\/v2\/pages"}],"about":[{"href":"https:\/\/www.mdpwords.com\/it\/wp-json\/wp\/v2\/types\/page"}],"author":[{"embeddable":true,"href":"https:\/\/www.mdpwords.com\/it\/wp-json\/wp\/v2\/users\/1"}],"replies":[{"embeddable":true,"href":"https:\/\/www.mdpwords.com\/it\/wp-json\/wp\/v2\/comments?post=3343"}],"version-history":[{"count":1,"href":"https:\/\/www.mdpwords.com\/it\/wp-json\/wp\/v2\/pages\/3343\/revisions"}],"predecessor-version":[{"id":3345,"href":"https:\/\/www.mdpwords.com\/it\/wp-json\/wp\/v2\/pages\/3343\/revisions\/3345"}],"wp:attachment":[{"href":"https:\/\/www.mdpwords.com\/it\/wp-json\/wp\/v2\/media?parent=3343"}],"curies":[{"name":"wp","href":"https:\/\/api.w.org\/{rel}","templated":true}]}}